{"id":242,"date":"2025-07-08T11:58:13","date_gmt":"2025-07-08T11:58:13","guid":{"rendered":"https:\/\/www.inffirm.com\/?page_id=242"},"modified":"2025-12-18T09:19:26","modified_gmt":"2025-12-18T09:19:26","slug":"nosotros","status":"publish","type":"page","link":"https:\/\/www.inffirm.com\/en\/nosotros\/","title":{"rendered":"About Us"},"content":{"rendered":"<div data-elementor-type=\"wp-page\" data-elementor-id=\"242\" class=\"elementor elementor-242\" data-elementor-post-type=\"page\">\n\t\t\t\t<div class=\"elementor-element elementor-element-3aabbe3 e-con-full e-flex e-con e-parent\" data-id=\"3aabbe3\" data-element_type=\"container\" data-settings=\"{&quot;background_background&quot;:&quot;classic&quot;}\">\n\t\t\t\t<\/div>\n\t\t<div class=\"elementor-element elementor-element-bec3365 e-flex e-con-boxed e-con e-parent\" data-id=\"bec3365\" data-element_type=\"container\">\n\t\t\t\t\t<div class=\"e-con-inner\">\n\t\t\t\t<div class=\"elementor-element elementor-element-ffc0300 elementor-widget elementor-widget-heading\" data-id=\"ffc0300\" data-element_type=\"widget\" data-widget_type=\"heading.default\">\n\t\t\t\t\t<h2 class=\"elementor-heading-title elementor-size-default\">About Us<\/h2>\t\t\t\t<\/div>\n\t\t<div class=\"elementor-element elementor-element-4c9ee5e e-con-full e-flex e-con e-child\" data-id=\"4c9ee5e\" data-element_type=\"container\">\n\t\t<div class=\"elementor-element elementor-element-faca652 e-con-full e-flex e-con e-child\" data-id=\"faca652\" data-element_type=\"container\">\n\t\t\t\t<div class=\"elementor-element elementor-element-7ecba10 elementor-widget elementor-widget-text-editor\" data-id=\"7ecba10\" data-element_type=\"widget\" data-widget_type=\"text-editor.default\">\n\t\t\t\t\t\t\t\t\tWe are a team of professionals specializing in protecting two of the fundamental rights of individuals:\t\t\t\t\t\t\t\t<\/div>\n\t\t\t\t<div class=\"elementor-element elementor-element-8d00f7e elementor-icon-list--layout-traditional elementor-list-item-link-full_width elementor-widget elementor-widget-icon-list\" data-id=\"8d00f7e\" data-element_type=\"widget\" data-widget_type=\"icon-list.default\">\n\t\t\t\t\t\t\t<ul class=\"elementor-icon-list-items\">\n\t\t\t\t\t\t\t<li class=\"elementor-icon-list-item\">\n\t\t\t\t\t\t\t\t\t\t\t<span class=\"elementor-icon-list-icon\">\n\t\t\t\t\t\t\t<svg aria-hidden=\"true\" class=\"e-font-icon-svg e-fas-check-circle\" viewbox=\"0 0 512 512\" xmlns=\"http:\/\/www.w3.org\/2000\/svg\"><path d=\"M504 256c0 136.967-111.033 248-248 248S8 392.967 8 256 119.033 8 256 8s248 111.033 248 248zM227.314 387.314l184-184c6.248-6.248 6.248-16.379 0-22.627l-22.627-22.627c-6.248-6.249-16.379-6.249-22.628 0L216 308.118l-70.059-70.059c-6.248-6.248-16.379-6.248-22.628 0l-22.627 22.627c-6.248 6.248-6.248 16.379 0 22.627l104 104c6.249 6.249 16.379 6.249 22.628.001z\"><\/path><\/svg>\t\t\t\t\t\t<\/span>\n\t\t\t\t\t\t\t\t\t\t<span class=\"elementor-icon-list-text\">Intellectual and industrial property rights to protect the intangible assets we create. <\/span>\n\t\t\t\t\t\t\t\t\t<\/li>\n\t\t\t\t\t\t\t\t<li class=\"elementor-icon-list-item\">\n\t\t\t\t\t\t\t\t\t\t\t<span class=\"elementor-icon-list-icon\">\n\t\t\t\t\t\t\t<svg aria-hidden=\"true\" class=\"e-font-icon-svg e-fas-check-circle\" viewbox=\"0 0 512 512\" xmlns=\"http:\/\/www.w3.org\/2000\/svg\"><path d=\"M504 256c0 136.967-111.033 248-248 248S8 392.967 8 256 119.033 8 256 8s248 111.033 248 248zM227.314 387.314l184-184c6.248-6.248 6.248-16.379 0-22.627l-22.627-22.627c-6.248-6.249-16.379-6.249-22.628 0L216 308.118l-70.059-70.059c-6.248-6.248-16.379-6.248-22.628 0l-22.627 22.627c-6.248 6.248-6.248 16.379 0 22.627l104 104c6.249 6.249 16.379 6.249 22.628.001z\"><\/path><\/svg>\t\t\t\t\t\t<\/span>\n\t\t\t\t\t\t\t\t\t\t<span class=\"elementor-icon-list-text\">The right to data protection to safeguard our personal information and thus transform an obligation into your organization's main asset.<\/span>\n\t\t\t\t\t\t\t\t\t<\/li>\n\t\t\t\t\t\t<\/ul>\n\t\t\t\t\t\t<\/div>\n\t\t\t\t<div class=\"elementor-element elementor-element-3ecf56e elementor-widget elementor-widget-text-editor\" data-id=\"3ecf56e\" data-element_type=\"widget\" data-widget_type=\"text-editor.default\">\n\t\t\t\t\t\t\t\t\t<p>Our value is to provide a clear, agile, excellent, personalized response to each person that integrates all participants in each project.<\/p>\t\t\t\t\t\t\t\t<\/div>\n\t\t\t\t<\/div>\n\t\t\t\t<div class=\"elementor-element elementor-element-3c6a1ce elementor-widget elementor-widget-image\" data-id=\"3c6a1ce\" data-element_type=\"widget\" data-widget_type=\"image.default\">\n\t\t\t\t\t\t\t\t\t\t\t\t\t\t\t<img fetchpriority=\"high\" decoding=\"async\" width=\"715\" height=\"598\" src=\"https:\/\/www.inffirm.com\/wp-content\/uploads\/2025\/07\/imagen-apartado-nosotros-home.png\" class=\"attachment-large size-large wp-image-112\" alt=\"\" srcset=\"https:\/\/www.inffirm.com\/wp-content\/uploads\/2025\/07\/imagen-apartado-nosotros-home.png 715w, https:\/\/www.inffirm.com\/wp-content\/uploads\/2025\/07\/imagen-apartado-nosotros-home-300x251.png 300w\" sizes=\"(max-width: 715px) 100vw, 715px\" \/>\t\t\t\t\t\t\t\t\t\t\t\t\t\t\t<\/div>\n\t\t\t\t<\/div>\n\t\t\t\t\t<\/div>\n\t\t\t\t<\/div>\n\t\t<div class=\"elementor-element elementor-element-b83f092 e-flex e-con-boxed e-con e-parent\" data-id=\"b83f092\" data-element_type=\"container\">\n\t\t\t\t\t<div class=\"e-con-inner\">\n\t\t<div class=\"elementor-element elementor-element-ffe64df e-con-full e-flex e-con e-child\" data-id=\"ffe64df\" data-element_type=\"container\" data-settings=\"{&quot;background_background&quot;:&quot;classic&quot;}\">\n\t\t<div class=\"elementor-element elementor-element-552f274 e-con-full e-flex e-con e-child\" data-id=\"552f274\" data-element_type=\"container\">\n\t\t\t\t<div class=\"elementor-element elementor-element-69145e1 elementor-widget elementor-widget-heading\" data-id=\"69145e1\" data-element_type=\"widget\" data-widget_type=\"heading.default\">\n\t\t\t\t\t<h2 class=\"elementor-heading-title elementor-size-default\">Contact us and find out how to protect your ideas and intangible assets.<\/h2>\t\t\t\t<\/div>\n\t\t\t\t<\/div>\n\t\t<div class=\"elementor-element elementor-element-6304368 e-con-full e-flex e-con e-child\" data-id=\"6304368\" data-element_type=\"container\">\n\t\t\t\t<div class=\"elementor-element elementor-element-be19a98 elementor-align-right elementor-widget elementor-widget-button\" data-id=\"be19a98\" data-element_type=\"widget\" data-widget_type=\"button.default\">\n\t\t\t\t\t\t\t\t\t\t<a class=\"elementor-button elementor-button-link elementor-size-sm\" href=\"\/en\/contacto\/\">\n\t\t\t\t\t\t<span class=\"elementor-button-content-wrapper\">\n\t\t\t\t\t\t<span class=\"elementor-button-icon\">\n\t\t\t\t<svg aria-hidden=\"true\" class=\"e-font-icon-svg e-fas-arrow-right\" viewbox=\"0 0 448 512\" xmlns=\"http:\/\/www.w3.org\/2000\/svg\"><path d=\"M190.5 66.9l22.2-22.2c9.4-9.4 24.6-9.4 33.9 0L441 239c9.4 9.4 9.4 24.6 0 33.9L246.6 467.3c-9.4 9.4-24.6 9.4-33.9 0l-22.2-22.2c-9.5-9.5-9.3-25 .4-34.3L311.4 296H24c-13.3 0-24-10.7-24-24v-32c0-13.3 10.7-24 24-24h287.4L190.9 101.2c-9.8-9.3-10-24.8-.4-34.3z\"><\/path><\/svg>\t\t\t<\/span>\n\t\t\t\t\t\t\t\t\t<span class=\"elementor-button-text\">CONTACT<\/span>\n\t\t\t\t\t<\/span>\n\t\t\t\t\t<\/a>\n\t\t\t\t\t\t\t\t<\/div>\n\t\t\t\t<\/div>\n\t\t\t\t<\/div>\n\t\t\t\t\t<\/div>\n\t\t\t\t<\/div>\n\t\t<div class=\"elementor-element elementor-element-e9fb4da e-flex e-con-boxed e-con e-parent\" data-id=\"e9fb4da\" data-element_type=\"container\">\n\t\t\t\t\t<div class=\"e-con-inner\">\n\t\t\t\t<div class=\"elementor-element elementor-element-d47a59d elementor-widget elementor-widget-heading\" data-id=\"d47a59d\" data-element_type=\"widget\" data-widget_type=\"heading.default\">\n\t\t\t\t\t<h2 class=\"elementor-heading-title elementor-size-default\">Ventajas de elegir INFfirm<\/h2>\t\t\t\t<\/div>\n\t\t<div class=\"elementor-element elementor-element-83ac437 e-con-full e-flex e-con e-child\" data-id=\"83ac437\" data-element_type=\"container\">\n\t\t<div class=\"elementor-element elementor-element-e9ad2d7 e-con-full e-flex e-con e-child\" data-id=\"e9ad2d7\" data-element_type=\"container\" data-settings=\"{&quot;background_background&quot;:&quot;classic&quot;}\">\n\t\t\t\t<div class=\"elementor-element elementor-element-9b0d25e elementor-widget elementor-widget-heading\" data-id=\"9b0d25e\" data-element_type=\"widget\" data-widget_type=\"heading.default\">\n\t\t\t\t\t<h2 class=\"elementor-heading-title elementor-size-default\">Personalized Service<\/h2>\t\t\t\t<\/div>\n\t\t\t\t<div class=\"elementor-element elementor-element-b9470d9 elementor-widget elementor-widget-text-editor\" data-id=\"b9470d9\" data-element_type=\"widget\" data-widget_type=\"text-editor.default\">\n\t\t\t\t\t\t\t\t\t<p>Every client is unique. We offer legal solutions tailored to the specific needs of each project and sector.<\/p>\t\t\t\t\t\t\t\t<\/div>\n\t\t\t\t<\/div>\n\t\t<div class=\"elementor-element elementor-element-c4c0c5c e-con-full e-flex e-con e-child\" data-id=\"c4c0c5c\" data-element_type=\"container\" data-settings=\"{&quot;background_background&quot;:&quot;classic&quot;}\">\n\t\t\t\t<div class=\"elementor-element elementor-element-1178c4d elementor-widget elementor-widget-heading\" data-id=\"1178c4d\" data-element_type=\"widget\" data-widget_type=\"heading.default\">\n\t\t\t\t\t<h2 class=\"elementor-heading-title elementor-size-default\">Speed and efficiency<\/h2>\t\t\t\t<\/div>\n\t\t\t\t<div class=\"elementor-element elementor-element-8f5e8eb elementor-widget elementor-widget-text-editor\" data-id=\"8f5e8eb\" data-element_type=\"widget\" data-widget_type=\"text-editor.default\">\n\t\t\t\t\t\t\t\t\t<p>We respond quickly and resolve issues in a practical manner, without ever compromising on quality or legal rigor.<\/p>\t\t\t\t\t\t\t\t<\/div>\n\t\t\t\t<\/div>\n\t\t<div class=\"elementor-element elementor-element-c38c54b e-con-full e-flex e-con e-child\" data-id=\"c38c54b\" data-element_type=\"container\" data-settings=\"{&quot;background_background&quot;:&quot;classic&quot;}\">\n\t\t\t\t<div class=\"elementor-element elementor-element-8310979 elementor-widget elementor-widget-heading\" data-id=\"8310979\" data-element_type=\"widget\" data-widget_type=\"heading.default\">\n\t\t\t\t\t<h2 class=\"elementor-heading-title elementor-size-default\">Adaptability<\/h2>\t\t\t\t<\/div>\n\t\t\t\t<div class=\"elementor-element elementor-element-c771990 elementor-widget elementor-widget-text-editor\" data-id=\"c771990\" data-element_type=\"widget\" data-widget_type=\"text-editor.default\">\n\t\t\t\t\t\t\t\t\t<p>We adapt to the reality of each business, whether it is a startup, an SME, or a large company, always offering the right approach.<\/p>\t\t\t\t\t\t\t\t<\/div>\n\t\t\t\t<\/div>\n\t\t<div class=\"elementor-element elementor-element-7808ea7 e-con-full e-flex e-con e-child\" data-id=\"7808ea7\" data-element_type=\"container\" data-settings=\"{&quot;background_background&quot;:&quot;classic&quot;}\">\n\t\t\t\t<div class=\"elementor-element elementor-element-97a3f85 elementor-widget elementor-widget-heading\" data-id=\"97a3f85\" data-element_type=\"widget\" data-widget_type=\"heading.default\">\n\t\t\t\t\t<h2 class=\"elementor-heading-title elementor-size-default\">Ongoing Advice<\/h2>\t\t\t\t<\/div>\n\t\t\t\t<div class=\"elementor-element elementor-element-975f7ef elementor-widget elementor-widget-text-editor\" data-id=\"975f7ef\" data-element_type=\"widget\" data-widget_type=\"text-editor.default\">\n\t\t\t\t\t\t\t\t\t<p>We accompany our clients at all times, anticipating risks and offering constant support in their growth.<\/p>\t\t\t\t\t\t\t\t<\/div>\n\t\t\t\t<\/div>\n\t\t\t\t<\/div>\n\t\t\t\t\t<\/div>\n\t\t\t\t<\/div>\n\t\t\t\t<\/div>","protected":false},"excerpt":{"rendered":"<p>Nosotros Somos un equipo de profesionales especializados en proteger dos de los derechos fundamentales de las personas: Los derechos de propiedad intelectual e industrial para proteger los activos intangibles que creamos. El derecho a la protecci\u00f3n datos para proteger nuestra informaci\u00f3n personal y transformar as\u00ed una obligaci\u00f3n en el principal activo de tu entidad. Nuestro [&hellip;]<\/p>","protected":false},"author":1,"featured_media":0,"parent":0,"menu_order":0,"comment_status":"closed","ping_status":"closed","template":"elementor_header_footer","meta":{"footnotes":""},"class_list":["post-242","page","type-page","status-publish","hentry"],"yoast_head":"<!-- This site is optimized with the Yoast SEO plugin v26.6 - https:\/\/yoast.com\/wordpress\/plugins\/seo\/ -->\n<title>Nosotros - Inffirm<\/title>\n<meta name=\"robots\" content=\"index, follow, max-snippet:-1, max-image-preview:large, max-video-preview:-1\" \/>\n<link rel=\"canonical\" href=\"https:\/\/www.inffirm.com\/en\/nosotros\/\" \/>\n<meta property=\"og:locale\" content=\"en_US\" \/>\n<meta property=\"og:type\" content=\"article\" \/>\n<meta property=\"og:title\" content=\"Nosotros - Inffirm\" \/>\n<meta property=\"og:description\" content=\"Nosotros Somos un equipo de profesionales especializados en proteger dos de los derechos fundamentales de las personas: Los derechos de propiedad intelectual e industrial para proteger los activos intangibles que creamos. El derecho a la protecci\u00f3n datos para proteger nuestra informaci\u00f3n personal y transformar as\u00ed una obligaci\u00f3n en el principal activo de tu entidad. Nuestro [&hellip;]\" \/>\n<meta property=\"og:url\" content=\"https:\/\/www.inffirm.com\/en\/nosotros\/\" \/>\n<meta property=\"og:site_name\" content=\"Inffirm\" \/>\n<meta property=\"article:modified_time\" content=\"2025-12-18T09:19:26+00:00\" \/>\n<meta property=\"og:image\" content=\"https:\/\/www.inffirm.com\/wp-content\/uploads\/2025\/07\/imagen-apartado-nosotros-home.png\" \/>\n\t<meta property=\"og:image:width\" content=\"715\" \/>\n\t<meta property=\"og:image:height\" content=\"598\" \/>\n\t<meta property=\"og:image:type\" content=\"image\/png\" \/>\n<meta name=\"twitter:card\" content=\"summary_large_image\" \/>\n<meta name=\"twitter:label1\" content=\"Est. reading time\" \/>\n\t<meta name=\"twitter:data1\" content=\"1 minute\" \/>\n<script type=\"application\/ld+json\" class=\"yoast-schema-graph\">{\"@context\":\"https:\/\/schema.org\",\"@graph\":[{\"@type\":\"WebPage\",\"@id\":\"https:\/\/www.inffirm.com\/nosotros\/\",\"url\":\"https:\/\/www.inffirm.com\/nosotros\/\",\"name\":\"Nosotros - Inffirm\",\"isPartOf\":{\"@id\":\"https:\/\/www.inffirm.com\/#website\"},\"primaryImageOfPage\":{\"@id\":\"https:\/\/www.inffirm.com\/nosotros\/#primaryimage\"},\"image\":{\"@id\":\"https:\/\/www.inffirm.com\/nosotros\/#primaryimage\"},\"thumbnailUrl\":\"https:\/\/www.inffirm.com\/wp-content\/uploads\/2025\/07\/imagen-apartado-nosotros-home.png\",\"datePublished\":\"2025-07-08T11:58:13+00:00\",\"dateModified\":\"2025-12-18T09:19:26+00:00\",\"breadcrumb\":{\"@id\":\"https:\/\/www.inffirm.com\/nosotros\/#breadcrumb\"},\"inLanguage\":\"en-US\",\"potentialAction\":[{\"@type\":\"ReadAction\",\"target\":[\"https:\/\/www.inffirm.com\/nosotros\/\"]}]},{\"@type\":\"ImageObject\",\"inLanguage\":\"en-US\",\"@id\":\"https:\/\/www.inffirm.com\/nosotros\/#primaryimage\",\"url\":\"https:\/\/www.inffirm.com\/wp-content\/uploads\/2025\/07\/imagen-apartado-nosotros-home.png\",\"contentUrl\":\"https:\/\/www.inffirm.com\/wp-content\/uploads\/2025\/07\/imagen-apartado-nosotros-home.png\"},{\"@type\":\"BreadcrumbList\",\"@id\":\"https:\/\/www.inffirm.com\/nosotros\/#breadcrumb\",\"itemListElement\":[{\"@type\":\"ListItem\",\"position\":1,\"name\":\"Portada\",\"item\":\"https:\/\/www.inffirm.com\/\"},{\"@type\":\"ListItem\",\"position\":2,\"name\":\"Nosotros\"}]},{\"@type\":\"WebSite\",\"@id\":\"https:\/\/www.inffirm.com\/#website\",\"url\":\"https:\/\/www.inffirm.com\/\",\"name\":\"Inffirm\",\"description\":\"\",\"publisher\":{\"@id\":\"https:\/\/www.inffirm.com\/#organization\"},\"potentialAction\":[{\"@type\":\"SearchAction\",\"target\":{\"@type\":\"EntryPoint\",\"urlTemplate\":\"https:\/\/www.inffirm.com\/?s={search_term_string}\"},\"query-input\":{\"@type\":\"PropertyValueSpecification\",\"valueRequired\":true,\"valueName\":\"search_term_string\"}}],\"inLanguage\":\"en-US\"},{\"@type\":\"Organization\",\"@id\":\"https:\/\/www.inffirm.com\/#organization\",\"name\":\"Inffirm\",\"url\":\"https:\/\/www.inffirm.com\/\",\"logo\":{\"@type\":\"ImageObject\",\"inLanguage\":\"en-US\",\"@id\":\"https:\/\/www.inffirm.com\/#\/schema\/logo\/image\/\",\"url\":\"https:\/\/www.inffirm.com\/wp-content\/uploads\/2025\/07\/Inffirm-Logo.png\",\"contentUrl\":\"https:\/\/www.inffirm.com\/wp-content\/uploads\/2025\/07\/Inffirm-Logo.png\",\"width\":127,\"height\":70,\"caption\":\"Inffirm\"},\"image\":{\"@id\":\"https:\/\/www.inffirm.com\/#\/schema\/logo\/image\/\"}}]}<\/script>\n<!-- \/ Yoast SEO plugin. -->","yoast_head_json":{"title":"Nosotros - Inffirm","robots":{"index":"index","follow":"follow","max-snippet":"max-snippet:-1","max-image-preview":"max-image-preview:large","max-video-preview":"max-video-preview:-1"},"canonical":"https:\/\/www.inffirm.com\/en\/nosotros\/","og_locale":"en_US","og_type":"article","og_title":"Nosotros - Inffirm","og_description":"Nosotros Somos un equipo de profesionales especializados en proteger dos de los derechos fundamentales de las personas: Los derechos de propiedad intelectual e industrial para proteger los activos intangibles que creamos. El derecho a la protecci\u00f3n datos para proteger nuestra informaci\u00f3n personal y transformar as\u00ed una obligaci\u00f3n en el principal activo de tu entidad. Nuestro [&hellip;]","og_url":"https:\/\/www.inffirm.com\/en\/nosotros\/","og_site_name":"Inffirm","article_modified_time":"2025-12-18T09:19:26+00:00","og_image":[{"width":715,"height":598,"url":"https:\/\/www.inffirm.com\/wp-content\/uploads\/2025\/07\/imagen-apartado-nosotros-home.png","type":"image\/png"}],"twitter_card":"summary_large_image","twitter_misc":{"Est. reading time":"1 minute"},"schema":{"@context":"https:\/\/schema.org","@graph":[{"@type":"WebPage","@id":"https:\/\/www.inffirm.com\/nosotros\/","url":"https:\/\/www.inffirm.com\/nosotros\/","name":"Nosotros - Inffirm","isPartOf":{"@id":"https:\/\/www.inffirm.com\/#website"},"primaryImageOfPage":{"@id":"https:\/\/www.inffirm.com\/nosotros\/#primaryimage"},"image":{"@id":"https:\/\/www.inffirm.com\/nosotros\/#primaryimage"},"thumbnailUrl":"https:\/\/www.inffirm.com\/wp-content\/uploads\/2025\/07\/imagen-apartado-nosotros-home.png","datePublished":"2025-07-08T11:58:13+00:00","dateModified":"2025-12-18T09:19:26+00:00","breadcrumb":{"@id":"https:\/\/www.inffirm.com\/nosotros\/#breadcrumb"},"inLanguage":"en-US","potentialAction":[{"@type":"ReadAction","target":["https:\/\/www.inffirm.com\/nosotros\/"]}]},{"@type":"ImageObject","inLanguage":"en-US","@id":"https:\/\/www.inffirm.com\/nosotros\/#primaryimage","url":"https:\/\/www.inffirm.com\/wp-content\/uploads\/2025\/07\/imagen-apartado-nosotros-home.png","contentUrl":"https:\/\/www.inffirm.com\/wp-content\/uploads\/2025\/07\/imagen-apartado-nosotros-home.png"},{"@type":"BreadcrumbList","@id":"https:\/\/www.inffirm.com\/nosotros\/#breadcrumb","itemListElement":[{"@type":"ListItem","position":1,"name":"Portada","item":"https:\/\/www.inffirm.com\/"},{"@type":"ListItem","position":2,"name":"Nosotros"}]},{"@type":"WebSite","@id":"https:\/\/www.inffirm.com\/#website","url":"https:\/\/www.inffirm.com\/","name":"Inffirm","description":"","publisher":{"@id":"https:\/\/www.inffirm.com\/#organization"},"potentialAction":[{"@type":"SearchAction","target":{"@type":"EntryPoint","urlTemplate":"https:\/\/www.inffirm.com\/?s={search_term_string}"},"query-input":{"@type":"PropertyValueSpecification","valueRequired":true,"valueName":"search_term_string"}}],"inLanguage":"en-US"},{"@type":"Organization","@id":"https:\/\/www.inffirm.com\/#organization","name":"Inffirm","url":"https:\/\/www.inffirm.com\/","logo":{"@type":"ImageObject","inLanguage":"en-US","@id":"https:\/\/www.inffirm.com\/#\/schema\/logo\/image\/","url":"https:\/\/www.inffirm.com\/wp-content\/uploads\/2025\/07\/Inffirm-Logo.png","contentUrl":"https:\/\/www.inffirm.com\/wp-content\/uploads\/2025\/07\/Inffirm-Logo.png","width":127,"height":70,"caption":"Inffirm"},"image":{"@id":"https:\/\/www.inffirm.com\/#\/schema\/logo\/image\/"}}]}},"_links":{"self":[{"href":"https:\/\/www.inffirm.com\/en\/wp-json\/wp\/v2\/pages\/242","targetHints":{"allow":["GET"]}}],"collection":[{"href":"https:\/\/www.inffirm.com\/en\/wp-json\/wp\/v2\/pages"}],"about":[{"href":"https:\/\/www.inffirm.com\/en\/wp-json\/wp\/v2\/types\/page"}],"author":[{"embeddable":true,"href":"https:\/\/www.inffirm.com\/en\/wp-json\/wp\/v2\/users\/1"}],"replies":[{"embeddable":true,"href":"https:\/\/www.inffirm.com\/en\/wp-json\/wp\/v2\/comments?post=242"}],"version-history":[{"count":67,"href":"https:\/\/www.inffirm.com\/en\/wp-json\/wp\/v2\/pages\/242\/revisions"}],"predecessor-version":[{"id":1024,"href":"https:\/\/www.inffirm.com\/en\/wp-json\/wp\/v2\/pages\/242\/revisions\/1024"}],"wp:attachment":[{"href":"https:\/\/www.inffirm.com\/en\/wp-json\/wp\/v2\/media?parent=242"}],"curies":[{"name":"wp","href":"https:\/\/api.w.org\/{rel}","templated":true}]}}